{"id":487,"date":"2025-03-07T10:58:27","date_gmt":"2025-03-07T10:58:27","guid":{"rendered":"https:\/\/ecolefrancothaie.org\/?page_id=487"},"modified":"2025-12-04T14:58:57","modified_gmt":"2025-12-04T11:58:57","slug":"contact","status":"publish","type":"page","link":"https:\/\/superbetplcasino.com\/pl\/contact\/","title":{"rendered":"Kontakt"},"content":{"rendered":"\n<h2 class=\"wp-block-heading\"><strong>Wsparcie<\/strong><\/h2>\n\n\n\n<p><a href=\"http:\/\/superbetplcasino.com\">Superbet<\/a><\/p>\n\n\n\n<p>Napisz do nas na adres: <a href=\"mailto:press@superbetplcasino.com\">press@superbetplcasino.com<\/a><\/p>\n\n\n\n<h2 class=\"wp-block-heading\"><strong>Partnerzy<\/strong><\/h2>\n\n\n\n<p>Napisz do nas na adres: <a href=\"mailto:press@superbetplcasino.com\">press@superbetplcasino.com<\/a><\/p>\n\n\n\n<h2 class=\"wp-block-heading\"><strong>Prasa<\/strong><\/h2>\n\n\n\n<p>Napisz do nas na adres: <a href=\"mailto:press@superbetplcasino.com\">press@superbetplcasino.com<\/a><\/p>\n\n\n\n<iframe src=\"https:\/\/www.google.com\/maps\/embed?pb=!1m14!1m8!1m3!1d312795.20734512334!2d20.4376735!3d52.2304399!3m2!1i1024!2i768!4f13.1!3m3!1m2!1s0x471ecc8daad268f1%3A0x7fbab672ae0d2430!2sLumen%20Biura%20Offices!5e0!3m2!1sen!2suk!4v1763767850872!5m2!1sen!2suk\" width=\"600\" height=\"450\" style=\"border:0;\" allowfullscreen=\"\" loading=\"lazy\" referrerpolicy=\"no-referrer-when-downgrade\"><\/iframe>\n","protected":false},"excerpt":{"rendered":"<p>Wsparcie Superbet Napisz do nas na adres: press@superbetplcasino.com Partnerzy Napisz do nas na adres: press@superbetplcasino.com Prasa Napisz do nas na adres: press@superbetplcasino.com<\/p>\n","protected":false},"author":1,"featured_media":0,"parent":0,"menu_order":0,"comment_status":"closed","ping_status":"closed","template":"","meta":{"_acf_changed":false,"inline_featured_image":false,"footnotes":""},"class_list":{"1":"page"},"acf":[],"yoast_head":"<!-- This site is optimized with the Yoast SEO plugin v25.1 - https:\/\/yoast.com\/wordpress\/plugins\/seo\/ -->\n<title>Kontakt z superbet \u2013 Obs\u0142uga Klienta 24\/7<\/title>\n<meta name=\"description\" content=\"Skontaktuj si\u0119 z zespo\u0142em superbet. Oferujemy wsparcie 24\/7 przez e-mail, czat na \u017cywo i formularz kontaktowy. Szybka pomoc w sprawach konta, p\u0142atno\u015bci i gry.\" \/>\n<meta name=\"robots\" content=\"index, follow, max-snippet:-1, max-image-preview:large, max-video-preview:-1\" \/>\n<link rel=\"canonical\" href=\"https:\/\/superbetplcasino.com\/pl\/contact\/\" \/>\n<meta property=\"og:locale\" content=\"en_US\" \/>\n<meta property=\"og:type\" content=\"article\" \/>\n<meta property=\"og:title\" content=\"Kontakt z superbet \u2013 Obs\u0142uga Klienta 24\/7\" \/>\n<meta property=\"og:description\" content=\"Skontaktuj si\u0119 z zespo\u0142em superbet. Oferujemy wsparcie 24\/7 przez e-mail, czat na \u017cywo i formularz kontaktowy. Szybka pomoc w sprawach konta, p\u0142atno\u015bci i gry.\" \/>\n<meta property=\"og:url\" content=\"https:\/\/superbetplcasino.com\/pl\/contact\/\" \/>\n<meta property=\"og:site_name\" content=\"Poland Casino\" \/>\n<meta property=\"article:modified_time\" content=\"2025-12-04T11:58:57+00:00\" \/>\n<meta name=\"twitter:card\" content=\"summary_large_image\" \/>\n<meta name=\"twitter:label1\" content=\"Est. reading time\" \/>\n\t<meta name=\"twitter:data1\" content=\"1 minute\" \/>\n<script type=\"application\/ld+json\" class=\"yoast-schema-graph\">{\"@context\":\"https:\/\/schema.org\",\"@graph\":[{\"@type\":\"WebPage\",\"@id\":\"https:\/\/superbetplcasino.com\/pl\/contact\/\",\"url\":\"https:\/\/superbetplcasino.com\/pl\/contact\/\",\"name\":\"Kontakt z superbet \u2013 Obs\u0142uga Klienta 24\/7\",\"isPartOf\":{\"@id\":\"https:\/\/superbetplcasino.com\/pl\/#website\"},\"datePublished\":\"2025-03-07T10:58:27+00:00\",\"dateModified\":\"2025-12-04T11:58:57+00:00\",\"description\":\"Skontaktuj si\u0119 z zespo\u0142em superbet. Oferujemy wsparcie 24\/7 przez e-mail, czat na \u017cywo i formularz kontaktowy. Szybka pomoc w sprawach konta, p\u0142atno\u015bci i gry.\",\"breadcrumb\":{\"@id\":\"https:\/\/superbetplcasino.com\/pl\/contact\/#breadcrumb\"},\"inLanguage\":\"en-US\",\"potentialAction\":[{\"@type\":\"ReadAction\",\"target\":[\"https:\/\/superbetplcasino.com\/pl\/contact\/\"]}]},{\"@type\":\"BreadcrumbList\",\"@id\":\"https:\/\/superbetplcasino.com\/pl\/contact\/#breadcrumb\",\"itemListElement\":[{\"@type\":\"ListItem\",\"position\":1,\"name\":\"Pagina de inicio\",\"item\":\"https:\/\/superbetplcasino.com\/pl\/\"},{\"@type\":\"ListItem\",\"position\":2,\"name\":\"Kontakt\"}]},{\"@type\":\"WebSite\",\"@id\":\"https:\/\/superbetplcasino.com\/pl\/#website\",\"url\":\"https:\/\/superbetplcasino.com\/pl\/\",\"name\":\"Stake\",\"description\":\"\",\"publisher\":{\"@id\":\"https:\/\/superbetplcasino.com\/pl\/#organization\"},\"potentialAction\":[{\"@type\":\"SearchAction\",\"target\":{\"@type\":\"EntryPoint\",\"urlTemplate\":\"https:\/\/superbetplcasino.com\/pl\/?s={search_term_string}\"},\"query-input\":{\"@type\":\"PropertyValueSpecification\",\"valueRequired\":true,\"valueName\":\"search_term_string\"}}],\"inLanguage\":\"en-US\"},{\"@type\":\"Organization\",\"@id\":\"https:\/\/superbetplcasino.com\/pl\/#organization\",\"name\":\"Stake\",\"url\":\"https:\/\/superbetplcasino.com\/pl\/\",\"logo\":{\"@type\":\"ImageObject\",\"inLanguage\":\"en-US\",\"@id\":\"https:\/\/superbetplcasino.com\/pl\/#\/schema\/logo\/image\/\",\"url\":\"https:\/\/superbetplcasino.com\/pl\/wp-content\/uploads\/2025\/11\/cropped-Screenshot-2025-11-25-at-01.17.53-e1764034682132.png\",\"contentUrl\":\"https:\/\/superbetplcasino.com\/pl\/wp-content\/uploads\/2025\/11\/cropped-Screenshot-2025-11-25-at-01.17.53-e1764034682132.png\",\"width\":150,\"height\":31,\"caption\":\"Stake\"},\"image\":{\"@id\":\"https:\/\/superbetplcasino.com\/pl\/#\/schema\/logo\/image\/\"}}]}<\/script>\n<!-- \/ Yoast SEO plugin. -->","yoast_head_json":{"title":"Kontakt z superbet \u2013 Obs\u0142uga Klienta 24\/7","description":"Skontaktuj si\u0119 z zespo\u0142em superbet. Oferujemy wsparcie 24\/7 przez e-mail, czat na \u017cywo i formularz kontaktowy. Szybka pomoc w sprawach konta, p\u0142atno\u015bci i gry.","robots":{"index":"index","follow":"follow","max-snippet":"max-snippet:-1","max-image-preview":"max-image-preview:large","max-video-preview":"max-video-preview:-1"},"canonical":"https:\/\/superbetplcasino.com\/pl\/contact\/","og_locale":"en_US","og_type":"article","og_title":"Kontakt z superbet \u2013 Obs\u0142uga Klienta 24\/7","og_description":"Skontaktuj si\u0119 z zespo\u0142em superbet. Oferujemy wsparcie 24\/7 przez e-mail, czat na \u017cywo i formularz kontaktowy. Szybka pomoc w sprawach konta, p\u0142atno\u015bci i gry.","og_url":"https:\/\/superbetplcasino.com\/pl\/contact\/","og_site_name":"Poland Casino","article_modified_time":"2025-12-04T11:58:57+00:00","twitter_card":"summary_large_image","twitter_misc":{"Est. reading time":"1 minute"},"schema":{"@context":"https:\/\/schema.org","@graph":[{"@type":"WebPage","@id":"https:\/\/superbetplcasino.com\/pl\/contact\/","url":"https:\/\/superbetplcasino.com\/pl\/contact\/","name":"Kontakt z superbet \u2013 Obs\u0142uga Klienta 24\/7","isPartOf":{"@id":"https:\/\/superbetplcasino.com\/pl\/#website"},"datePublished":"2025-03-07T10:58:27+00:00","dateModified":"2025-12-04T11:58:57+00:00","description":"Skontaktuj si\u0119 z zespo\u0142em superbet. Oferujemy wsparcie 24\/7 przez e-mail, czat na \u017cywo i formularz kontaktowy. Szybka pomoc w sprawach konta, p\u0142atno\u015bci i gry.","breadcrumb":{"@id":"https:\/\/superbetplcasino.com\/pl\/contact\/#breadcrumb"},"inLanguage":"en-US","potentialAction":[{"@type":"ReadAction","target":["https:\/\/superbetplcasino.com\/pl\/contact\/"]}]},{"@type":"BreadcrumbList","@id":"https:\/\/superbetplcasino.com\/pl\/contact\/#breadcrumb","itemListElement":[{"@type":"ListItem","position":1,"name":"Pagina de inicio","item":"https:\/\/superbetplcasino.com\/pl\/"},{"@type":"ListItem","position":2,"name":"Kontakt"}]},{"@type":"WebSite","@id":"https:\/\/superbetplcasino.com\/pl\/#website","url":"https:\/\/superbetplcasino.com\/pl\/","name":"Stake","description":"","publisher":{"@id":"https:\/\/superbetplcasino.com\/pl\/#organization"},"potentialAction":[{"@type":"SearchAction","target":{"@type":"EntryPoint","urlTemplate":"https:\/\/superbetplcasino.com\/pl\/?s={search_term_string}"},"query-input":{"@type":"PropertyValueSpecification","valueRequired":true,"valueName":"search_term_string"}}],"inLanguage":"en-US"},{"@type":"Organization","@id":"https:\/\/superbetplcasino.com\/pl\/#organization","name":"Stake","url":"https:\/\/superbetplcasino.com\/pl\/","logo":{"@type":"ImageObject","inLanguage":"en-US","@id":"https:\/\/superbetplcasino.com\/pl\/#\/schema\/logo\/image\/","url":"https:\/\/superbetplcasino.com\/pl\/wp-content\/uploads\/2025\/11\/cropped-Screenshot-2025-11-25-at-01.17.53-e1764034682132.png","contentUrl":"https:\/\/superbetplcasino.com\/pl\/wp-content\/uploads\/2025\/11\/cropped-Screenshot-2025-11-25-at-01.17.53-e1764034682132.png","width":150,"height":31,"caption":"Stake"},"image":{"@id":"https:\/\/superbetplcasino.com\/pl\/#\/schema\/logo\/image\/"}}]}},"lang":false,"translations":[],"_links":{"self":[{"href":"https:\/\/superbetplcasino.com\/pl\/wp-json\/wp\/v2\/pages\/487","targetHints":{"allow":["GET"]}}],"collection":[{"href":"https:\/\/superbetplcasino.com\/pl\/wp-json\/wp\/v2\/pages"}],"about":[{"href":"https:\/\/superbetplcasino.com\/pl\/wp-json\/wp\/v2\/types\/page"}],"author":[{"embeddable":true,"href":"https:\/\/superbetplcasino.com\/pl\/wp-json\/wp\/v2\/users\/1"}],"replies":[{"embeddable":true,"href":"https:\/\/superbetplcasino.com\/pl\/wp-json\/wp\/v2\/comments?post=487"}],"version-history":[{"count":2,"href":"https:\/\/superbetplcasino.com\/pl\/wp-json\/wp\/v2\/pages\/487\/revisions"}],"predecessor-version":[{"id":700,"href":"https:\/\/superbetplcasino.com\/pl\/wp-json\/wp\/v2\/pages\/487\/revisions\/700"}],"wp:attachment":[{"href":"https:\/\/superbetplcasino.com\/pl\/wp-json\/wp\/v2\/media?parent=487"}],"curies":[{"name":"wp","href":"https:\/\/api.w.org\/{rel}","templated":true}]}}